{"id":2201,"date":"2023-02-19T15:31:40","date_gmt":"2023-02-19T14:31:40","guid":{"rendered":"https:\/\/castellacamping.ch\/carta-dei-valori\/"},"modified":"2023-03-17T16:57:07","modified_gmt":"2023-03-17T15:57:07","slug":"unsere-werte-charta","status":"publish","type":"page","link":"https:\/\/castellacamping.ch\/de\/unsere-werte-charta\/","title":{"rendered":"Unsere werte-charta"},"content":{"rendered":"<section  class=\"DefaultMarginBottomHalf TitoloContainer   TextAlignCenter SiteWidth\">Unsere werte-charta<\/section>\n\n<section  style=\"color:; background-color:\"class=\"BlockWrapperContainer  ParagrafoContainer TextFont18  NoMarginTop DefaultMarginBottom50 NoPaddingBottom NoPaddingTop\"><div class=\"InnerParagrafoContainer SiteWidth\"><p><strong>Ca.Stella &#038; Camping Monte San Giorgio sind NO PROFIT<\/strong><\/p>\n<p>Giorgio sind eine strikt NO PROFIT Struktur. Eventuelle Gewinne der Sozialen Farm reinvestieren wir mit Freude in die St\u00e4rkung unserer Aktivit\u00e4ten. Die Jahresabschl\u00fcsse von Ca.Stella FARM sind \u00f6ffentlich und verf\u00fcgbar.<\/p>\n<\/div><\/section>\n\n<section  style=\"background-color:\"class=\"BlockWrapperContainer NormalBlock BlockWrapperGruppoMedia  NoMarginTop NoMarginBottom NoPaddingBottom NoPaddingTop FullWidth  NoMargin\"><div class=\"BlockSlider\"><div class=\"BlockSlingleSlide\" style=\"background-image:url(https:\/\/castellacamping.ch\/wp-content\/uploads\/2023\/02\/carta-valori-1.jpg)\"><\/div><\/div>\t\t<div class=\"BlockContent\">\n\t\t\t\t\t\t<div style=\"color:\" class=\"BlockTitolo\">Ca.Stella &#038; Camping Monte San Giorgio sind gemeinschaftlich<\/div>\n\t\t\t<div style=\"color:\" class=\"BlockSottotitolo\"><\/div>\n\t\t\t<div style=\"color:\" class=\"BlockText TextFont18\"><p>Wir bieten M\u00f6glichkeiten f\u00fcr Aufenthalte, Aktivit\u00e4ten mit Tieren und in der Natur f\u00fcr Kinder und Jugendliche, ihre Familien, Vereine, Schulen und Gruppen.<br \/>\nUnser Hauptziel \u2013 der eigentliche Grund f\u00fcr die Existenz der Struktur \u2013 ist es, einen Ort zur Verf\u00fcgung zu stellen, der es den Teilnehmern erm\u00f6glicht, einen Weg des pers\u00f6nlichen und sozialen Wachstums zu beschreiten, durch die vorgeschlagenen Aktivit\u00e4ten und den Austausch mit anderen. Ca.Stella &#038; Camping del Monte San Giorgio verpflichten sich, jegliche Diskriminierung aufgrund von Nationalit\u00e4t, Hautfarbe, Geschlecht und Religion zu bek\u00e4mpfen, Minderheiten und die am st\u00e4rksten diskriminierten Personen zu unterst\u00fctzen, unter voller Ber\u00fccksichtigung der Inklusion von Menschen mit Behinderungen.<\/p>\n<\/div>\n\t\t\t\t\t\t\t\t<\/div>\n\t\t<\/section>\n\n<section  style=\"background-color:\"class=\"BlockWrapperContainer ReverseBlock BlockWrapperGruppoMedia  NoMarginTop NoMarginBottom NoPaddingBottom NoPaddingTop FullWidth  NoMargin\"><div class=\"BlockSlider\"><div class=\"BlockSlingleSlide\" style=\"background-image:url(https:\/\/castellacamping.ch\/wp-content\/uploads\/2023\/02\/carta-valori-2.jpg)\"><\/div><\/div>\t\t<div class=\"BlockContent\">\n\t\t\t\t\t\t<div style=\"color:\" class=\"BlockTitolo\">Ca.Stella &#038; Camping Monte San Giorgio sind umweltfreundlich<\/div>\n\t\t\t<div style=\"color:\" class=\"BlockSottotitolo\"><\/div>\n\t\t\t<div style=\"color:\" class=\"BlockText TextFont18\"><p>Wir arbeiten in allen Bereichen der Ca.Stella &#038; Camping del Monte San Giorgio, um unsere Auswirkungen auf die Umwelt zu minimieren.<br \/>\nWir verfolgen eine \u00f6kologische Ausrichtung in jeder Aktivit\u00e4t des Hofes und treffen, wo immer m\u00f6glich, biologische Entscheidungen in Bezug auf Lebensmittel, Anbau von Gem\u00fcseg\u00e4rten und Obstpflanzen, Eink\u00e4ufe und Reinigungsprodukte.<br \/>\nWir lieben unser Gebiet und versuchen, es so gut wie m\u00f6glich zu verbessern. Aus diesem Grund w\u00e4hlen wir die Null-Kilometer-Orientierung und wir beg\u00fcnstigen die lokale Wirtschaft durch die Zusammenarbeit mit \u00f6rtlichen Unternehmen.<\/p>\n<\/div>\n\t\t\t\t\t\t\t\t<\/div>\n\t\t<\/section>\n\n<section  style=\"background-color:#dd9d73\"class=\"BlockWrapperContainer ReverseBlock BlockWrapperGruppoMedia  NoMarginTop NoMarginBottom NoPaddingBottom DefaultPaddingTop FullWidth  SmallImage\"><div class=\"BlockSlider\"><div class=\"BlockSlingleSlide\" style=\"background-image:url(https:\/\/castellacamping.ch\/wp-content\/uploads\/2023\/02\/carta-valori-3-1.jpg)\"><\/div><\/div>\t\t<div class=\"BlockContent\">\n\t\t\t\t\t\t<div style=\"color:#ffffff\" class=\"BlockTitolo\">Der respekt f\u00fcr den gast<\/div>\n\t\t\t<div style=\"color:#ffffff\" class=\"BlockSottotitolo\"><\/div>\n\t\t\t<div style=\"color:#ffffff\" class=\"BlockText TextFont18\"><p>Wir hei\u00dfen unsere G\u00e4ste herzlich willkommen und sorgen daf\u00fcr, dass sie sich in einer ruhigen und famili\u00e4ren Atmosph\u00e4re wohlf\u00fchlen, die von Respekt und Empathie gepr\u00e4gt ist. Unsere G\u00e4ste wissen, dass sie eine lokale Realit\u00e4t gew\u00e4hlt haben, mit einer sozialen und \u00f6kologischen Dimension. Wenn sie es w\u00fcnschen, werden wir ihnen alle Aspekte mitteilen, die unsere Auswahl bestimmen.<br \/>\nUnsere G\u00e4ste k\u00f6nnen eine hochwertige, gesunde und unverf\u00e4lschte K\u00fcche genie\u00dfen, die aus lokalen Lebensmitteln besteht, vorzugsweise aus biologischem Anbau und mit Blick auf die vegetarische K\u00fcche (nur f\u00fcr Ca.Stella FARM), mit Respekt f\u00fcr die Tiere, die in Ca.Stella FARM leben.<\/p>\n<\/div>\n\t\t\t\t\t\t\t\t<\/div>\n\t\t<\/section>\n\n<section  style=\"background-color:#dd9d73\"class=\"BlockWrapperContainer NormalBlock BlockWrapperGruppoMedia  NoMarginTop NoMarginBottom NoPaddingBottom NoPaddingTop FullWidth  SmallImage\"><div class=\"BlockSlider\"><div class=\"BlockSlingleSlide\" style=\"background-image:url(https:\/\/castellacamping.ch\/wp-content\/uploads\/2023\/02\/carta-valori-4.jpg)\"><\/div><\/div>\t\t<div class=\"BlockContent\">\n\t\t\t\t\t\t<div style=\"color:#ffffff\" class=\"BlockTitolo\">Der respekt f\u00fcr die arbeitenden personen<\/div>\n\t\t\t<div style=\"color:#ffffff\" class=\"BlockSottotitolo\"><\/div>\n\t\t\t<div style=\"color:#ffffff\" class=\"BlockText TextFont18\"><p>Diejenigen, die bei Ca.Stella &#038; Camping del Monte San Giorgio arbeiten, bewegen sich in einem offenen und positiven Umfeld und f\u00fchlen sich in ihren unterschiedlichen Erfahrungen und Wegen willkommen und begleitet.<br \/>\nCa.Stella &#038; Camping del Monte San Giorgio bieten konkrete M\u00f6glichkeiten f\u00fcr Training, Entwicklung und berufliches und pers\u00f6nliches Wachstum, die auf die Verbesserung ihrer F\u00e4higkeiten abzielen.<br \/>\nCa.Stella &#038; Camping del Monte San Giorgio verpflichten sich zu einer fairen Bezahlung im Verh\u00e4ltnis zum Grad der Erfahrung und den F\u00e4higkeiten.<\/p>\n<\/div>\n\t\t\t\t\t\t\t\t<\/div>\n\t\t<\/section>\n\n<section  style=\"background-color:#dd9d73\"class=\"BlockWrapperContainer ReverseBlock BlockWrapperGruppoMedia  NoMarginTop NoMarginBottom DefaultPaddingBottom NoPaddingTop FullWidth  SmallImage\"><div class=\"BlockSlider\"><div class=\"BlockSlingleSlide\" style=\"background-image:url(https:\/\/castellacamping.ch\/wp-content\/uploads\/2023\/02\/carta-valori-5.jpg)\"><\/div><\/div>\t\t<div class=\"BlockContent\">\n\t\t\t\t\t\t<div style=\"color:#ffffff\" class=\"BlockTitolo\">Respekt f\u00fcr tiere<\/div>\n\t\t\t<div style=\"color:#ffffff\" class=\"BlockSottotitolo\"><\/div>\n\t\t\t<div style=\"color:#ffffff\" class=\"BlockText TextFont18\"><p>Jedes Tier, das in Ca.Stella FARM Camino Spinirolo lebt, hat das Recht, im Rhythmus der Natur und unter artgerechten Lebens- und Freiheitsbedingungen zu leben und zu wachsen. Es muss liebevoll behandelt, gef\u00fcttert und gepflegt werden und eine besonders aufmerksame Betreuung genie\u00dfen.<\/p>\n<\/div>\n\t\t\t\t\t\t\t\t<\/div>\n\t\t<\/section>\n\n<section  style=\"background-color:\"class=\"BlockWrapperContainer NormalBlock BlockWrapperGruppoMedia  NoMarginTop NoMarginBottom NoPaddingBottom NoPaddingTop FullWidth  NoMargin\"><div class=\"BlockSlider\"><div class=\"BlockSlingleSlide\" style=\"background-image:url(https:\/\/castellacamping.ch\/wp-content\/uploads\/2023\/02\/carta-valori-6.jpg)\"><\/div><\/div>\t\t<div class=\"BlockContent\">\n\t\t\t\t\t\t<div style=\"color:\" class=\"BlockTitolo\">Innovation und st\u00e4ndige verbesserung<\/div>\n\t\t\t<div style=\"color:\" class=\"BlockSottotitolo\"><\/div>\n\t\t\t<div style=\"color:\" class=\"BlockText TextFont18\"><p>Wir haben ein offenes Ohr f\u00fcr jede \u00dcberlegung, Kritik oder Anregung unserer G\u00e4ste und Mitarbeiter. Wir arbeiten st\u00e4ndig an der Verbesserung unserer Dienstleistungen, unserer Arbeitsprozesse und unserer pers\u00f6nlichen und beruflichen Entwicklung.<\/p>\n<\/div>\n\t\t\t\t\t\t\t\t<\/div>\n\t\t<\/section>\n\n<section  style=\"background-color:\"class=\"BlockWrapperContainer ReverseBlock BlockWrapperGruppoMedia  NoMarginTop NoMarginBottom NoPaddingBottom NoPaddingTop FullWidth  NoMargin\"><div class=\"BlockSlider\"><div class=\"BlockSlingleSlide\" style=\"background-image:url(https:\/\/castellacamping.ch\/wp-content\/uploads\/2023\/02\/carta-valori-7.jpg)\"><\/div><\/div>\t\t<div class=\"BlockContent\">\n\t\t\t\t\t\t<div style=\"color:\" class=\"BlockTitolo\">Koh\u00e4renz und transparenz<\/div>\n\t\t\t<div style=\"color:\" class=\"BlockSottotitolo\"><\/div>\n\t\t\t<div style=\"color:\" class=\"BlockText TextFont18\"><p>Das Dienstleistungsangebot, die Aktivit\u00e4ten, die Arbeitsprozesse und das Management von Ca.Stella &#038; Camping del Monte San Giorgio entsprechen mit Konsequenz und Transparenz den Zielen und Werten, an die wir glauben und die unsere Arbeit beleben.<\/p>\n<\/div>\n\t\t\t\t\t\t\t\t<\/div>\n\t\t<\/section>\n\n\n<section  class=\"BlockWrapperContainer ImmagineTestoImmagine DefaultPaddingTop DefaultPaddingBottom FullWidth   \" style=\"background-color:#f7f0e6;\">\n\n\t<div class=\"ImmagineTestoImmagineCol ImmagineTestoImmagineCol_1\">\n\t\t<img alt=\"Ca.Stella Camping M. San Giorgio-campeggio\"src=\"https:\/\/castellacamping.ch\/wp-content\/uploads\/2023\/02\/prenota_1.jpg\"\/>\n\t<\/div>\n\t<div class=\"ImmagineTestoImmagineCol BlockTestoCol\">\n\t\t<p style=\"text-align: center;\">M\u00f6chten Sie in die\u00a0<strong>Natur<\/strong> eintauchen<br \/>\nund einen m\u00e4rchenhaften Campingplatz erleben?<\/p>\n\t\t<a href=\"https:\/\/thelisresa.webcamp.fr\/formulaire.php?TYPE_CAMPING=1&#038;TYPE_LOCATION=2&#038;camping=meridetcs&#038;lang=de&#038;custom-c1=A4ADAD&#038;custom-c2=619005&#038;simpleSearch=0&#038;duration=7&#038;typecamping=0&#038;typelocation=1&#038;type=2&#038;button=bookingButton&#038;quantity=3&#038;oldSchool=0&#038;noStyle=0&#038;noStyle=0&#038;noStyle=0&#038;noStyle=0&#038;noStyle=0&#038;polaroid=1&#038;fromWidget=1&#038;mode=modal&#038;PHPSESSID=i53tr4k5j3rd58b3ukm1gmmgv5\" class=\"MainButton MainButtonRosa\">\n\t\t\tRESERVIEREN SIE\t\t<\/a>\n\t<\/div>\n\t<div class=\"ImmagineTestoImmagineCol ImmagineTestoImmagineCol_2\">\n\t\t<img decoding=\"async\" alt=\"Ca.Stella Camping M. San Giorgio - Tenda\" src=\"https:\/\/castellacamping.ch\/wp-content\/uploads\/2023\/02\/prenota_2.jpg\"\/>\n\t<\/div>\n<\/section>","protected":false},"excerpt":{"rendered":"","protected":false},"author":1,"featured_media":727,"parent":0,"menu_order":0,"comment_status":"closed","ping_status":"closed","template":"","meta":{"_acf_changed":false,"footnotes":""},"class_list":["post-2201","page","type-page","status-publish","has-post-thumbnail","hentry"],"acf":[],"yoast_head":"<!-- This site is optimized with the Yoast SEO plugin v27.3 - https:\/\/yoast.com\/product\/yoast-seo-wordpress\/ -->\n<title>Unsere werte-charta - Ca.Stella Camping M. San Giorgio<\/title>\n<meta name=\"robots\" content=\"index, follow, max-snippet:-1, max-image-preview:large, max-video-preview:-1\" \/>\n<link rel=\"canonical\" href=\"https:\/\/castellacamping.ch\/de\/unsere-werte-charta\/\" \/>\n<meta property=\"og:locale\" content=\"de_DE\" \/>\n<meta property=\"og:type\" content=\"article\" \/>\n<meta property=\"og:title\" content=\"Unsere werte-charta - Ca.Stella Camping M. San Giorgio\" \/>\n<meta property=\"og:url\" content=\"https:\/\/castellacamping.ch\/de\/unsere-werte-charta\/\" \/>\n<meta property=\"og:site_name\" content=\"Ca.Stella Camping M. San Giorgio\" \/>\n<meta property=\"article:modified_time\" content=\"2023-03-17T15:57:07+00:00\" \/>\n<meta property=\"og:image\" content=\"https:\/\/2025-corporatesite-castellacamping.mystagingwebsite.com\/wp-content\/uploads\/2023\/02\/carta-1024x346.png\" \/>\n\t<meta property=\"og:image:width\" content=\"1024\" \/>\n\t<meta property=\"og:image:height\" content=\"346\" \/>\n\t<meta property=\"og:image:type\" content=\"image\/png\" \/>\n<meta name=\"twitter:card\" content=\"summary_large_image\" \/>\n<script type=\"application\/ld+json\" class=\"yoast-schema-graph\">{\"@context\":\"https:\\\/\\\/schema.org\",\"@graph\":[{\"@type\":\"WebPage\",\"@id\":\"https:\\\/\\\/castellacamping.ch\\\/de\\\/unsere-werte-charta\\\/\",\"url\":\"https:\\\/\\\/castellacamping.ch\\\/de\\\/unsere-werte-charta\\\/\",\"name\":\"Unsere werte-charta - Ca.Stella Camping M. San Giorgio\",\"isPartOf\":{\"@id\":\"https:\\\/\\\/2025-corporatesite-castellacamping.mystagingwebsite.com\\\/#website\"},\"primaryImageOfPage\":{\"@id\":\"https:\\\/\\\/castellacamping.ch\\\/de\\\/unsere-werte-charta\\\/#primaryimage\"},\"image\":{\"@id\":\"https:\\\/\\\/castellacamping.ch\\\/de\\\/unsere-werte-charta\\\/#primaryimage\"},\"thumbnailUrl\":\"https:\\\/\\\/castellacamping.ch\\\/wp-content\\\/uploads\\\/2023\\\/02\\\/carta.png\",\"datePublished\":\"2023-02-19T14:31:40+00:00\",\"dateModified\":\"2023-03-17T15:57:07+00:00\",\"breadcrumb\":{\"@id\":\"https:\\\/\\\/castellacamping.ch\\\/de\\\/unsere-werte-charta\\\/#breadcrumb\"},\"inLanguage\":\"de\",\"potentialAction\":[{\"@type\":\"ReadAction\",\"target\":[\"https:\\\/\\\/castellacamping.ch\\\/de\\\/unsere-werte-charta\\\/\"]}]},{\"@type\":\"ImageObject\",\"inLanguage\":\"de\",\"@id\":\"https:\\\/\\\/castellacamping.ch\\\/de\\\/unsere-werte-charta\\\/#primaryimage\",\"url\":\"https:\\\/\\\/castellacamping.ch\\\/wp-content\\\/uploads\\\/2023\\\/02\\\/carta.png\",\"contentUrl\":\"https:\\\/\\\/castellacamping.ch\\\/wp-content\\\/uploads\\\/2023\\\/02\\\/carta.png\",\"width\":1920,\"height\":649},{\"@type\":\"BreadcrumbList\",\"@id\":\"https:\\\/\\\/castellacamping.ch\\\/de\\\/unsere-werte-charta\\\/#breadcrumb\",\"itemListElement\":[{\"@type\":\"ListItem\",\"position\":1,\"name\":\"Home\",\"item\":\"https:\\\/\\\/2025-corporatesite-castellacamping.mystagingwebsite.com\\\/de\\\/\"},{\"@type\":\"ListItem\",\"position\":2,\"name\":\"Unsere werte-charta\"}]},{\"@type\":\"WebSite\",\"@id\":\"https:\\\/\\\/2025-corporatesite-castellacamping.mystagingwebsite.com\\\/#website\",\"url\":\"https:\\\/\\\/2025-corporatesite-castellacamping.mystagingwebsite.com\\\/\",\"name\":\"Ca.Stella Camping M. San Giorgio\",\"description\":\"\",\"publisher\":{\"@id\":\"https:\\\/\\\/2025-corporatesite-castellacamping.mystagingwebsite.com\\\/#organization\"},\"potentialAction\":[{\"@type\":\"SearchAction\",\"target\":{\"@type\":\"EntryPoint\",\"urlTemplate\":\"https:\\\/\\\/2025-corporatesite-castellacamping.mystagingwebsite.com\\\/?s={search_term_string}\"},\"query-input\":{\"@type\":\"PropertyValueSpecification\",\"valueRequired\":true,\"valueName\":\"search_term_string\"}}],\"inLanguage\":\"de\"},{\"@type\":\"Organization\",\"@id\":\"https:\\\/\\\/2025-corporatesite-castellacamping.mystagingwebsite.com\\\/#organization\",\"name\":\"Ca.Stella Camping M. San Giorgio\",\"url\":\"https:\\\/\\\/2025-corporatesite-castellacamping.mystagingwebsite.com\\\/\",\"logo\":{\"@type\":\"ImageObject\",\"inLanguage\":\"de\",\"@id\":\"https:\\\/\\\/2025-corporatesite-castellacamping.mystagingwebsite.com\\\/#\\\/schema\\\/logo\\\/image\\\/\",\"url\":\"https:\\\/\\\/castellacamping.ch\\\/wp-content\\\/uploads\\\/2023\\\/02\\\/Screenshot-2023-02-13-alle-08.55.23.png\",\"contentUrl\":\"https:\\\/\\\/castellacamping.ch\\\/wp-content\\\/uploads\\\/2023\\\/02\\\/Screenshot-2023-02-13-alle-08.55.23.png\",\"width\":510,\"height\":389,\"caption\":\"Ca.Stella Camping M. San Giorgio\"},\"image\":{\"@id\":\"https:\\\/\\\/2025-corporatesite-castellacamping.mystagingwebsite.com\\\/#\\\/schema\\\/logo\\\/image\\\/\"}}]}<\/script>\n<!-- \/ Yoast SEO plugin. -->","yoast_head_json":{"title":"Unsere werte-charta - Ca.Stella Camping M. San Giorgio","robots":{"index":"index","follow":"follow","max-snippet":"max-snippet:-1","max-image-preview":"max-image-preview:large","max-video-preview":"max-video-preview:-1"},"canonical":"https:\/\/castellacamping.ch\/de\/unsere-werte-charta\/","og_locale":"de_DE","og_type":"article","og_title":"Unsere werte-charta - Ca.Stella Camping M. San Giorgio","og_url":"https:\/\/castellacamping.ch\/de\/unsere-werte-charta\/","og_site_name":"Ca.Stella Camping M. San Giorgio","article_modified_time":"2023-03-17T15:57:07+00:00","og_image":[{"width":1024,"height":346,"url":"https:\/\/2025-corporatesite-castellacamping.mystagingwebsite.com\/wp-content\/uploads\/2023\/02\/carta-1024x346.png","type":"image\/png"}],"twitter_card":"summary_large_image","schema":{"@context":"https:\/\/schema.org","@graph":[{"@type":"WebPage","@id":"https:\/\/castellacamping.ch\/de\/unsere-werte-charta\/","url":"https:\/\/castellacamping.ch\/de\/unsere-werte-charta\/","name":"Unsere werte-charta - Ca.Stella Camping M. San Giorgio","isPartOf":{"@id":"https:\/\/2025-corporatesite-castellacamping.mystagingwebsite.com\/#website"},"primaryImageOfPage":{"@id":"https:\/\/castellacamping.ch\/de\/unsere-werte-charta\/#primaryimage"},"image":{"@id":"https:\/\/castellacamping.ch\/de\/unsere-werte-charta\/#primaryimage"},"thumbnailUrl":"https:\/\/castellacamping.ch\/wp-content\/uploads\/2023\/02\/carta.png","datePublished":"2023-02-19T14:31:40+00:00","dateModified":"2023-03-17T15:57:07+00:00","breadcrumb":{"@id":"https:\/\/castellacamping.ch\/de\/unsere-werte-charta\/#breadcrumb"},"inLanguage":"de","potentialAction":[{"@type":"ReadAction","target":["https:\/\/castellacamping.ch\/de\/unsere-werte-charta\/"]}]},{"@type":"ImageObject","inLanguage":"de","@id":"https:\/\/castellacamping.ch\/de\/unsere-werte-charta\/#primaryimage","url":"https:\/\/castellacamping.ch\/wp-content\/uploads\/2023\/02\/carta.png","contentUrl":"https:\/\/castellacamping.ch\/wp-content\/uploads\/2023\/02\/carta.png","width":1920,"height":649},{"@type":"BreadcrumbList","@id":"https:\/\/castellacamping.ch\/de\/unsere-werte-charta\/#breadcrumb","itemListElement":[{"@type":"ListItem","position":1,"name":"Home","item":"https:\/\/2025-corporatesite-castellacamping.mystagingwebsite.com\/de\/"},{"@type":"ListItem","position":2,"name":"Unsere werte-charta"}]},{"@type":"WebSite","@id":"https:\/\/2025-corporatesite-castellacamping.mystagingwebsite.com\/#website","url":"https:\/\/2025-corporatesite-castellacamping.mystagingwebsite.com\/","name":"Ca.Stella Camping M. San Giorgio","description":"","publisher":{"@id":"https:\/\/2025-corporatesite-castellacamping.mystagingwebsite.com\/#organization"},"potentialAction":[{"@type":"SearchAction","target":{"@type":"EntryPoint","urlTemplate":"https:\/\/2025-corporatesite-castellacamping.mystagingwebsite.com\/?s={search_term_string}"},"query-input":{"@type":"PropertyValueSpecification","valueRequired":true,"valueName":"search_term_string"}}],"inLanguage":"de"},{"@type":"Organization","@id":"https:\/\/2025-corporatesite-castellacamping.mystagingwebsite.com\/#organization","name":"Ca.Stella Camping M. San Giorgio","url":"https:\/\/2025-corporatesite-castellacamping.mystagingwebsite.com\/","logo":{"@type":"ImageObject","inLanguage":"de","@id":"https:\/\/2025-corporatesite-castellacamping.mystagingwebsite.com\/#\/schema\/logo\/image\/","url":"https:\/\/castellacamping.ch\/wp-content\/uploads\/2023\/02\/Screenshot-2023-02-13-alle-08.55.23.png","contentUrl":"https:\/\/castellacamping.ch\/wp-content\/uploads\/2023\/02\/Screenshot-2023-02-13-alle-08.55.23.png","width":510,"height":389,"caption":"Ca.Stella Camping M. San Giorgio"},"image":{"@id":"https:\/\/2025-corporatesite-castellacamping.mystagingwebsite.com\/#\/schema\/logo\/image\/"}}]}},"_links":{"self":[{"href":"https:\/\/castellacamping.ch\/de\/wp-json\/wp\/v2\/pages\/2201","targetHints":{"allow":["GET"]}}],"collection":[{"href":"https:\/\/castellacamping.ch\/de\/wp-json\/wp\/v2\/pages"}],"about":[{"href":"https:\/\/castellacamping.ch\/de\/wp-json\/wp\/v2\/types\/page"}],"author":[{"embeddable":true,"href":"https:\/\/castellacamping.ch\/de\/wp-json\/wp\/v2\/users\/1"}],"replies":[{"embeddable":true,"href":"https:\/\/castellacamping.ch\/de\/wp-json\/wp\/v2\/comments?post=2201"}],"version-history":[{"count":2,"href":"https:\/\/castellacamping.ch\/de\/wp-json\/wp\/v2\/pages\/2201\/revisions"}],"predecessor-version":[{"id":2207,"href":"https:\/\/castellacamping.ch\/de\/wp-json\/wp\/v2\/pages\/2201\/revisions\/2207"}],"wp:featuredmedia":[{"embeddable":true,"href":"https:\/\/castellacamping.ch\/de\/wp-json\/wp\/v2\/media\/727"}],"wp:attachment":[{"href":"https:\/\/castellacamping.ch\/de\/wp-json\/wp\/v2\/media?parent=2201"}],"curies":[{"name":"wp","href":"https:\/\/api.w.org\/{rel}","templated":true}]}}