{"id":2193,"date":"2023-02-09T10:45:22","date_gmt":"2023-02-09T09:45:22","guid":{"rendered":"https:\/\/castellacamping.ch\/sostenibilita\/"},"modified":"2025-09-16T10:09:11","modified_gmt":"2025-09-16T08:09:11","slug":"nachhaltigkeit","status":"publish","type":"page","link":"https:\/\/castellacamping.ch\/de\/nachhaltigkeit\/","title":{"rendered":"Nachhaltigkeit"},"content":{"rendered":"<section  class=\"DefaultMarginBottomHalf TitoloContainer   TextAlignLeft SiteWidth\">Nachhaltigkeit<\/section>\n\n<section  style=\"color:; background-color:\"class=\"BlockWrapperContainer  ParagrafoContainer TextFont18  NoMarginTop DefaultMarginBottom NoPaddingBottom NoPaddingTop\"><div class=\"InnerParagrafoContainer SiteWidth\"><p style=\"text-align: left;\">Im Laufe der Jahre wurde unser Campingplatz mit R\u00fccksicht auf die Umwelt renoviert, indem die Nachhaltigkeit in der Verwaltung gef\u00f6rdert wurde.<\/p>\n<p>&nbsp;<\/p>\n<p style=\"text-align: left;\">Auf unserem Campingplatz ist Gr\u00fcn die vorherrschende Farbe, nicht nur wegen der nat\u00fcrlichen Umgebung, sondern auch im Hinblick auf Nachhaltigkeit und reduzierte Umweltbelastung. Unsere tiefe Verbundenheit mit dem Land motiviert uns jeden Tag auf einen konkreten Beitrag zum Schutz unseres Planeten zu leisten.<\/p>\n<p>&nbsp;<\/p>\n<p style=\"text-align: left;\">Auch in unserem eigenen kleinen Rahmen k\u00f6nnen wir etwas f\u00fcr die Umwelt tun. Wir wollen ein neues Verst\u00e4ndnis von Gastfreundschaft f\u00f6rdern, indem wir unseren G\u00e4sten die M\u00f6glichkeit eines gr\u00fcnen Aufenthalts im Sottoceneri und einer naturfreundlichen Gastfreundschaft bieten.<\/p>\n<p>&nbsp;<\/p>\n<p style=\"text-align: left;\">Auf unserem Campingplatz ist die Nachhaltigkeit konkret:<\/p>\n<\/div><\/section>\n\n<section  style=\"background-color:\"class=\"BlockWrapperContainer NormalBlock BlockWrapperGruppoMedia  NoMarginTop NoMarginBottom NoPaddingBottom NoPaddingTop FullWidth  NoMargin\"><div class=\"BlockSlider\"><div class=\"BlockSlingleSlide\" style=\"background-image:url(https:\/\/castellacamping.ch\/wp-content\/uploads\/2023\/02\/sostenibilita-1.jpg)\"><\/div><\/div>\t\t<div class=\"BlockContent\">\n\t\t\t\t\t\t<div style=\"color:\" class=\"BlockTitolo\"><\/div>\n\t\t\t<div style=\"color:\" class=\"BlockSottotitolo\"><\/div>\n\t\t\t<div style=\"color:\" class=\"BlockText TextFont18\"><p>Unser gro\u00dfes Schwimmbad, seit der Renovierung, verwendet kein traditionelles Desinfektionssystem mehr, sondern ein alternatives, gr\u00fcnes und umweltfreundliches System, das auf Elektrolyse basiert ist und die Verwendung von Salz benutzt, das ins Pool eingegeben wird. <\/p>\n<p>Die Salzbehandlung ist genauso wirksam wie Chlor! Der Unterschied ist, dass die Chlorid-Ionen werden im Wasser in Chlorgas umgewandelt, ein starkes Desinfektionsmittel, das sich im Wasser aufl\u00f6st und eine nat\u00fcrliche Desinfektion erstellt und der Einsatz von klassischen chemischen Stoffen vermeidet.<\/p>\n<\/div>\n\t\t\t\t\t\t\t\t<\/div>\n\t\t<\/section>\n\n<section  style=\"color:#ffffff; background-color:#dd9d73\"class=\"BlockWrapperContainer  ParagrafoContainer TextFont18  BackgroundRosa NoMarginTop NoMarginBottom DefaultPaddingBottom DefaultPaddingTop\"><div class=\"InnerParagrafoContainer SiteWidth\"><ul>\n<li style=\"text-align: left;\">Unser Spielplatz ist aus einheimischem Naturholz gebaut.<\/li>\n<li style=\"text-align: left;\">Die tragende Struktur der Safarizelte ist aus Holz und Naturstein vom Monte San Giorgio realisiert.<\/li>\n<li style=\"text-align: left;\">In unserem kleinen Laden finden Sie lokale Produkte, die von Ca.Stella FARM und von lokalen Erzeugern geliefert und produziert werden.<\/li>\n<li style=\"text-align: left;\">Wann immer m\u00f6glich, verwenden wir umweltfreundliche Reinigungsmittel und Seifen.<\/li>\n<li style=\"text-align: left;\">Der Campingplatz ist mit einer Ladestation f\u00fcr E-Bikes ausgestattet und das Projekt wurde von AIM-(Aziende Industriali Mendrisio) finanziert.<\/li>\n<\/ul>\n<\/div><\/section>\n\n<section  style=\"background-color:\"class=\"BlockWrapperContainer ReverseBlock BlockWrapperGruppoMedia  NoMarginTop NoMarginBottom NoPaddingBottom NoPaddingTop FullWidth  NoMargin\"><div class=\"BlockSlider\"><div class=\"BlockSlingleSlide\" style=\"background-image:url(https:\/\/castellacamping.ch\/wp-content\/uploads\/2023\/02\/sostenibilita-2.jpg)\"><\/div><\/div>\t\t<div class=\"BlockContent\">\n\t\t\t\t\t\t<div style=\"color:\" class=\"BlockTitolo\"><\/div>\n\t\t\t<div style=\"color:\" class=\"BlockSottotitolo\"><\/div>\n\t\t\t<div style=\"color:\" class=\"BlockText TextFont18\"><p>In unserem kleinen Laden finden Sie lokale Produkte, die sowohl von Ca.Stella FARM als auch von lokalen Produzenten ankommen und hergestellt werden.<\/p>\n<\/div>\n\t\t\t\t\t\t\t\t<\/div>\n\t\t<\/section>\n\n<section id=\"blocco-swiss\" style=\"background-color:#ffffff\"class=\"BlockWrapperContainer NormalBlock BlockWrapperGruppoMedia  NoMarginTop NoMarginBottom NoPaddingBottom NoPaddingTop FullWidth  NoMargin\"><div class=\"BlockSlider\"><div class=\"BlockSlingleSlide\" style=\"background-image:url(https:\/\/castellacamping.ch\/wp-content\/uploads\/2025\/08\/comune-sero-rifiuti.jpg.jpg)\"><\/div><\/div>\t\t<div class=\"BlockContent\">\n\t\t\t\t\t\t<div style=\"color:#000000\" class=\"BlockTitolo\">Wir sind Swisstainable.<\/div>\n\t\t\t<div style=\"color:#000000\" class=\"BlockSottotitolo\"><\/div>\n\t\t\t<div style=\"color:#000000\" class=\"BlockText TextFont18\"><p>Wir sind Teil des Nachhaltigkeitsprogramms Swisstainable und auf Level I \u2013 committed eingestuft. Das Nachhaltigkeitsprogramm Swisstainable vereint Betriebe und Organisationen entlang des gesamten Schweizer Tourismussektors. Mit unserer Teilnahme verpflichten wir uns zu einer kontinuierlichen nachhaltigen Unternehmensentwicklung, verfolgen Massnahmen im Bereich der Nachhaltigkeit und leisten somit einen konkreten Beitrag f\u00fcr einen nachhaltigen Schweizer Tourismus. Mehr zu Swisstainable: switzerland.com\/de\/swisstainable<\/p>\n<\/div>\n\t\t\t\t\t\t\t\t\t\t\t\t\t\t\t\t\t\t\t<a href=\"https:\/\/www.myswitzerland.com\/de-ch\/planung\/ueber-die-schweiz\/nachhaltigkeit\/\" class=\"MainButton MainButtonRosa\">Nachhaltig Reisen in der Schweiz<\/a>\n\t\t\t\t\t\t\t\t\t<\/div>\n\t\t<\/section>\n\n<section id=\"blocco-swiss\" style=\"background-color:#ffffff\"class=\"BlockWrapperContainer ReverseBlock BlockWrapperGruppoMedia  NoMarginTop NoMarginBottom NoPaddingBottom NoPaddingTop FullWidth  NoMargin\"><div class=\"BlockSlider\"><div class=\"BlockSlingleSlide\" style=\"background-image:url(https:\/\/castellacamping.ch\/wp-content\/uploads\/2025\/09\/20250626_Ca_Stella_LQ_56.jpg)\"><\/div><\/div>\t\t<div class=\"BlockContent\">\n\t\t\t\t\t\t<div style=\"color:#000000\" class=\"BlockTitolo\">E-Bikes-Ladestation<\/div>\n\t\t\t<div style=\"color:#000000\" class=\"BlockSottotitolo\"><\/div>\n\t\t\t<div style=\"color:#000000\" class=\"BlockText TextFont18\"><p><strong>Kostenlose<\/strong> Ladestationen f\u00fcr E-Bikes sind am Eingang des Campingplatzes verf\u00fcgbar. Der Strom wird von AIM &#8211; Aziende Industriali Mendrisio angeboten. Ladekabel k\u00f6nnen an der Rezeption gegen eine Kaution abgeholt werden.<\/p>\n<\/div>\n\t\t\t\t\t\t\t\t<\/div>\n\t\t<\/section>\n\n\n<section  class=\"BlockWrapperContainer ImmagineTestoImmagine DefaultPaddingTop DefaultPaddingBottom FullWidth   \" style=\"background-color:#f7f0e6;\">\n\n\t<div class=\"ImmagineTestoImmagineCol ImmagineTestoImmagineCol_1\">\n\t\t<img alt=\"Ca.Stella Camping M. San Giorgio-campeggio\"src=\"https:\/\/castellacamping.ch\/wp-content\/uploads\/2023\/02\/prenota_1.jpg\"\/>\n\t<\/div>\n\t<div class=\"ImmagineTestoImmagineCol BlockTestoCol\">\n\t\t<p style=\"text-align: center;\">M\u00f6chten Sie in die\u00a0<strong>Natur<\/strong> eintauchen<br \/>\nund einen m\u00e4rchenhaften Campingplatz erleben?<\/p>\n\t\t<a href=\"https:\/\/thelisresa.webcamp.fr\/formulaire.php?TYPE_CAMPING=1&#038;TYPE_LOCATION=2&#038;camping=meridetcs&#038;lang=de&#038;custom-c1=A4ADAD&#038;custom-c2=619005&#038;simpleSearch=0&#038;duration=7&#038;typecamping=0&#038;typelocation=1&#038;type=2&#038;button=bookingButton&#038;quantity=3&#038;oldSchool=0&#038;noStyle=0&#038;noStyle=0&#038;noStyle=0&#038;noStyle=0&#038;noStyle=0&#038;polaroid=1&#038;fromWidget=1&#038;mode=modal&#038;PHPSESSID=i53tr4k5j3rd58b3ukm1gmmgv5\" class=\"MainButton MainButtonRosa\">\n\t\t\tRESERVIEREN SIE\t\t<\/a>\n\t<\/div>\n\t<div class=\"ImmagineTestoImmagineCol ImmagineTestoImmagineCol_2\">\n\t\t<img decoding=\"async\" alt=\"Ca.Stella Camping M. San Giorgio - Tenda\" src=\"https:\/\/castellacamping.ch\/wp-content\/uploads\/2023\/02\/prenota_2.jpg\"\/>\n\t<\/div>\n<\/section>","protected":false},"excerpt":{"rendered":"","protected":false},"author":1,"featured_media":794,"parent":0,"menu_order":0,"comment_status":"closed","ping_status":"closed","template":"","meta":{"_acf_changed":false,"footnotes":""},"class_list":["post-2193","page","type-page","status-publish","has-post-thumbnail","hentry"],"acf":[],"yoast_head":"<!-- This site is optimized with the Yoast SEO plugin v27.3 - https:\/\/yoast.com\/product\/yoast-seo-wordpress\/ -->\n<title>Nachhaltigkeit - Ca.Stella Camping M. San Giorgio<\/title>\n<meta name=\"robots\" content=\"index, follow, max-snippet:-1, max-image-preview:large, max-video-preview:-1\" \/>\n<link rel=\"canonical\" href=\"https:\/\/castellacamping.ch\/de\/nachhaltigkeit\/\" \/>\n<meta property=\"og:locale\" content=\"de_DE\" \/>\n<meta property=\"og:type\" content=\"article\" \/>\n<meta property=\"og:title\" content=\"Nachhaltigkeit - Ca.Stella Camping M. San Giorgio\" \/>\n<meta property=\"og:url\" content=\"https:\/\/castellacamping.ch\/de\/nachhaltigkeit\/\" \/>\n<meta property=\"og:site_name\" content=\"Ca.Stella Camping M. San Giorgio\" \/>\n<meta property=\"article:modified_time\" content=\"2025-09-16T08:09:11+00:00\" \/>\n<meta property=\"og:image\" content=\"https:\/\/castellacamping.ch\/wp-content\/uploads\/2023\/02\/sos.png\" \/>\n\t<meta property=\"og:image:width\" content=\"1920\" \/>\n\t<meta property=\"og:image:height\" content=\"649\" \/>\n\t<meta property=\"og:image:type\" content=\"image\/png\" \/>\n<meta name=\"twitter:card\" content=\"summary_large_image\" \/>\n<script type=\"application\/ld+json\" class=\"yoast-schema-graph\">{\"@context\":\"https:\\\/\\\/schema.org\",\"@graph\":[{\"@type\":\"WebPage\",\"@id\":\"https:\\\/\\\/castellacamping.ch\\\/de\\\/nachhaltigkeit\\\/\",\"url\":\"https:\\\/\\\/castellacamping.ch\\\/de\\\/nachhaltigkeit\\\/\",\"name\":\"Nachhaltigkeit - Ca.Stella Camping M. San Giorgio\",\"isPartOf\":{\"@id\":\"https:\\\/\\\/2025-corporatesite-castellacamping.mystagingwebsite.com\\\/#website\"},\"primaryImageOfPage\":{\"@id\":\"https:\\\/\\\/castellacamping.ch\\\/de\\\/nachhaltigkeit\\\/#primaryimage\"},\"image\":{\"@id\":\"https:\\\/\\\/castellacamping.ch\\\/de\\\/nachhaltigkeit\\\/#primaryimage\"},\"thumbnailUrl\":\"https:\\\/\\\/castellacamping.ch\\\/wp-content\\\/uploads\\\/2023\\\/02\\\/sos.png\",\"datePublished\":\"2023-02-09T09:45:22+00:00\",\"dateModified\":\"2025-09-16T08:09:11+00:00\",\"breadcrumb\":{\"@id\":\"https:\\\/\\\/castellacamping.ch\\\/de\\\/nachhaltigkeit\\\/#breadcrumb\"},\"inLanguage\":\"de\",\"potentialAction\":[{\"@type\":\"ReadAction\",\"target\":[\"https:\\\/\\\/castellacamping.ch\\\/de\\\/nachhaltigkeit\\\/\"]}]},{\"@type\":\"ImageObject\",\"inLanguage\":\"de\",\"@id\":\"https:\\\/\\\/castellacamping.ch\\\/de\\\/nachhaltigkeit\\\/#primaryimage\",\"url\":\"https:\\\/\\\/castellacamping.ch\\\/wp-content\\\/uploads\\\/2023\\\/02\\\/sos.png\",\"contentUrl\":\"https:\\\/\\\/castellacamping.ch\\\/wp-content\\\/uploads\\\/2023\\\/02\\\/sos.png\",\"width\":1920,\"height\":649},{\"@type\":\"BreadcrumbList\",\"@id\":\"https:\\\/\\\/castellacamping.ch\\\/de\\\/nachhaltigkeit\\\/#breadcrumb\",\"itemListElement\":[{\"@type\":\"ListItem\",\"position\":1,\"name\":\"Home\",\"item\":\"https:\\\/\\\/2025-corporatesite-castellacamping.mystagingwebsite.com\\\/de\\\/\"},{\"@type\":\"ListItem\",\"position\":2,\"name\":\"Nachhaltigkeit\"}]},{\"@type\":\"WebSite\",\"@id\":\"https:\\\/\\\/2025-corporatesite-castellacamping.mystagingwebsite.com\\\/#website\",\"url\":\"https:\\\/\\\/2025-corporatesite-castellacamping.mystagingwebsite.com\\\/\",\"name\":\"Ca.Stella Camping M. San Giorgio\",\"description\":\"\",\"publisher\":{\"@id\":\"https:\\\/\\\/2025-corporatesite-castellacamping.mystagingwebsite.com\\\/#organization\"},\"potentialAction\":[{\"@type\":\"SearchAction\",\"target\":{\"@type\":\"EntryPoint\",\"urlTemplate\":\"https:\\\/\\\/2025-corporatesite-castellacamping.mystagingwebsite.com\\\/?s={search_term_string}\"},\"query-input\":{\"@type\":\"PropertyValueSpecification\",\"valueRequired\":true,\"valueName\":\"search_term_string\"}}],\"inLanguage\":\"de\"},{\"@type\":\"Organization\",\"@id\":\"https:\\\/\\\/2025-corporatesite-castellacamping.mystagingwebsite.com\\\/#organization\",\"name\":\"Ca.Stella Camping M. San Giorgio\",\"url\":\"https:\\\/\\\/2025-corporatesite-castellacamping.mystagingwebsite.com\\\/\",\"logo\":{\"@type\":\"ImageObject\",\"inLanguage\":\"de\",\"@id\":\"https:\\\/\\\/2025-corporatesite-castellacamping.mystagingwebsite.com\\\/#\\\/schema\\\/logo\\\/image\\\/\",\"url\":\"https:\\\/\\\/castellacamping.ch\\\/wp-content\\\/uploads\\\/2023\\\/02\\\/Screenshot-2023-02-13-alle-08.55.23.png\",\"contentUrl\":\"https:\\\/\\\/castellacamping.ch\\\/wp-content\\\/uploads\\\/2023\\\/02\\\/Screenshot-2023-02-13-alle-08.55.23.png\",\"width\":510,\"height\":389,\"caption\":\"Ca.Stella Camping M. San Giorgio\"},\"image\":{\"@id\":\"https:\\\/\\\/2025-corporatesite-castellacamping.mystagingwebsite.com\\\/#\\\/schema\\\/logo\\\/image\\\/\"}}]}<\/script>\n<!-- \/ Yoast SEO plugin. -->","yoast_head_json":{"title":"Nachhaltigkeit - Ca.Stella Camping M. San Giorgio","robots":{"index":"index","follow":"follow","max-snippet":"max-snippet:-1","max-image-preview":"max-image-preview:large","max-video-preview":"max-video-preview:-1"},"canonical":"https:\/\/castellacamping.ch\/de\/nachhaltigkeit\/","og_locale":"de_DE","og_type":"article","og_title":"Nachhaltigkeit - Ca.Stella Camping M. San Giorgio","og_url":"https:\/\/castellacamping.ch\/de\/nachhaltigkeit\/","og_site_name":"Ca.Stella Camping M. San Giorgio","article_modified_time":"2025-09-16T08:09:11+00:00","og_image":[{"width":1920,"height":649,"url":"https:\/\/castellacamping.ch\/wp-content\/uploads\/2023\/02\/sos.png","type":"image\/png"}],"twitter_card":"summary_large_image","schema":{"@context":"https:\/\/schema.org","@graph":[{"@type":"WebPage","@id":"https:\/\/castellacamping.ch\/de\/nachhaltigkeit\/","url":"https:\/\/castellacamping.ch\/de\/nachhaltigkeit\/","name":"Nachhaltigkeit - Ca.Stella Camping M. San Giorgio","isPartOf":{"@id":"https:\/\/2025-corporatesite-castellacamping.mystagingwebsite.com\/#website"},"primaryImageOfPage":{"@id":"https:\/\/castellacamping.ch\/de\/nachhaltigkeit\/#primaryimage"},"image":{"@id":"https:\/\/castellacamping.ch\/de\/nachhaltigkeit\/#primaryimage"},"thumbnailUrl":"https:\/\/castellacamping.ch\/wp-content\/uploads\/2023\/02\/sos.png","datePublished":"2023-02-09T09:45:22+00:00","dateModified":"2025-09-16T08:09:11+00:00","breadcrumb":{"@id":"https:\/\/castellacamping.ch\/de\/nachhaltigkeit\/#breadcrumb"},"inLanguage":"de","potentialAction":[{"@type":"ReadAction","target":["https:\/\/castellacamping.ch\/de\/nachhaltigkeit\/"]}]},{"@type":"ImageObject","inLanguage":"de","@id":"https:\/\/castellacamping.ch\/de\/nachhaltigkeit\/#primaryimage","url":"https:\/\/castellacamping.ch\/wp-content\/uploads\/2023\/02\/sos.png","contentUrl":"https:\/\/castellacamping.ch\/wp-content\/uploads\/2023\/02\/sos.png","width":1920,"height":649},{"@type":"BreadcrumbList","@id":"https:\/\/castellacamping.ch\/de\/nachhaltigkeit\/#breadcrumb","itemListElement":[{"@type":"ListItem","position":1,"name":"Home","item":"https:\/\/2025-corporatesite-castellacamping.mystagingwebsite.com\/de\/"},{"@type":"ListItem","position":2,"name":"Nachhaltigkeit"}]},{"@type":"WebSite","@id":"https:\/\/2025-corporatesite-castellacamping.mystagingwebsite.com\/#website","url":"https:\/\/2025-corporatesite-castellacamping.mystagingwebsite.com\/","name":"Ca.Stella Camping M. San Giorgio","description":"","publisher":{"@id":"https:\/\/2025-corporatesite-castellacamping.mystagingwebsite.com\/#organization"},"potentialAction":[{"@type":"SearchAction","target":{"@type":"EntryPoint","urlTemplate":"https:\/\/2025-corporatesite-castellacamping.mystagingwebsite.com\/?s={search_term_string}"},"query-input":{"@type":"PropertyValueSpecification","valueRequired":true,"valueName":"search_term_string"}}],"inLanguage":"de"},{"@type":"Organization","@id":"https:\/\/2025-corporatesite-castellacamping.mystagingwebsite.com\/#organization","name":"Ca.Stella Camping M. San Giorgio","url":"https:\/\/2025-corporatesite-castellacamping.mystagingwebsite.com\/","logo":{"@type":"ImageObject","inLanguage":"de","@id":"https:\/\/2025-corporatesite-castellacamping.mystagingwebsite.com\/#\/schema\/logo\/image\/","url":"https:\/\/castellacamping.ch\/wp-content\/uploads\/2023\/02\/Screenshot-2023-02-13-alle-08.55.23.png","contentUrl":"https:\/\/castellacamping.ch\/wp-content\/uploads\/2023\/02\/Screenshot-2023-02-13-alle-08.55.23.png","width":510,"height":389,"caption":"Ca.Stella Camping M. San Giorgio"},"image":{"@id":"https:\/\/2025-corporatesite-castellacamping.mystagingwebsite.com\/#\/schema\/logo\/image\/"}}]}},"_links":{"self":[{"href":"https:\/\/castellacamping.ch\/de\/wp-json\/wp\/v2\/pages\/2193","targetHints":{"allow":["GET"]}}],"collection":[{"href":"https:\/\/castellacamping.ch\/de\/wp-json\/wp\/v2\/pages"}],"about":[{"href":"https:\/\/castellacamping.ch\/de\/wp-json\/wp\/v2\/types\/page"}],"author":[{"embeddable":true,"href":"https:\/\/castellacamping.ch\/de\/wp-json\/wp\/v2\/users\/1"}],"replies":[{"embeddable":true,"href":"https:\/\/castellacamping.ch\/de\/wp-json\/wp\/v2\/comments?post=2193"}],"version-history":[{"count":5,"href":"https:\/\/castellacamping.ch\/de\/wp-json\/wp\/v2\/pages\/2193\/revisions"}],"predecessor-version":[{"id":60593,"href":"https:\/\/castellacamping.ch\/de\/wp-json\/wp\/v2\/pages\/2193\/revisions\/60593"}],"wp:featuredmedia":[{"embeddable":true,"href":"https:\/\/castellacamping.ch\/de\/wp-json\/wp\/v2\/media\/794"}],"wp:attachment":[{"href":"https:\/\/castellacamping.ch\/de\/wp-json\/wp\/v2\/media?parent=2193"}],"curies":[{"name":"wp","href":"https:\/\/api.w.org\/{rel}","templated":true}]}}