{"id":2179,"date":"2023-02-09T09:17:45","date_gmt":"2023-02-09T08:17:45","guid":{"rendered":"https:\/\/castellacamping.ch\/das-territorium\/monte-san-giorgio-patrimonio-dellunesco\/"},"modified":"2024-01-11T18:02:29","modified_gmt":"2024-01-11T17:02:29","slug":"monte-san-giorgio-unesco-erbe","status":"publish","type":"page","link":"https:\/\/castellacamping.ch\/de\/das-territorium\/monte-san-giorgio-unesco-erbe\/","title":{"rendered":"Monte San Giorgio UNESCO-Erbe"},"content":{"rendered":"<section  class=\"DefaultMarginBottomHalf TitoloContainer   TextAlignLeft SiteWidth\">Monte San Giorgio Patrimonio UNESCO-Erbe<\/section>\n\n<section  style=\"color:; background-color:\"class=\"BlockWrapperContainer  ParagrafoContainer TextFont30  NoMarginTop NoMarginBottom NoPaddingBottom NoPaddingTop\"><div class=\"InnerParagrafoContainer SiteWidth\"><p style=\"text-align: left;\">Der Monte San Giorgio ist ein Relief im S\u00fcden des Kantons Tessin zwischen der Schweiz und Italien. Dank einer der wichtigsten Meeresfossilienvorkommen der Welt und eines interessanten geologischen Gebiets wurde es Teil des UNESCO-Weltkulturerbes.<\/p>\n<p>&nbsp;<\/p>\n<p style=\"text-align: left;\">Die Faszination dieser vergangenen Welt kann man in unserem Gebiet wiedererleben, bei einem <a style=\"color: #dd9d73;\" href=\"https:\/\/www.fossilienmuseum.ch\/index.html\"><strong> Besuch des Fossilienmuseums in Meride<\/strong><\/a>, <strong><a style=\"color: #dd9d73;\" href=\"https:\/\/www.parco-archeologico.ch\/de\/\">des arch\u00e4ologischen Parks in Tremona<\/a><\/strong>, <strong><a style=\"color: #dd9d73;\" href=\"http:\/\/www.montesangiorgio.org\/de\/Territorio\/Val-Mara.html\">auf der Aussichtsterrasse in der Val Mara<\/a><\/strong> ed esplorando le suggestive <strong><a style=\"color: #dd9d73;\" href=\"https:\/\/www.mendrisiottoturismo.ch\/de\/venues\/details\/Cave-di-Arzo\/148545.html\">Cave di Arzo<\/a><\/strong>, und bei die Erkundung der beeindruckenden Arzo-Steinbr\u00fcche mit ihrem nat\u00fcrlichen Amphitheater.<\/p>\n<p>&nbsp;<\/p>\n<p style=\"text-align: left;\">In der gesamten Region vom Monte San Giorgio verf\u00fcgen Sie \u00fcber ein Netz von Wanderwegen und Routen f\u00fcr<strong> <a style=\"color: #dd9d73;\" href=\"https:\/\/www.ticino.ch\/de\/hike\/details\/Geo-pal%C3%A4ontologischer-Weg-Monte-San-Giorgio\/801413636.html\">Mountainbiker<\/a><\/strong>, die Sie zur Entdeckung von wunderbaren Aussichten auf Berge und Seen f\u00fchren werden, vor allem auf dem Monte San Giorgio Gipfel (1094 m). Gut ausgeschilderte Wege bringen Sie zum Poncione d&#8217;Arzo, zur Alpe di Brusino und Serpiano, von wo aus Sie mit der <strong> <a style=\"color: #dd9d73;\" href=\"https:\/\/www.serpiano.ch\/de\/seilbahn\/\">Seilbahn<\/a><\/strong> zum Luganersee hinunterfahren k\u00f6nne. In der Region Mendrisiotto, wo sich der Monte San Giorgio erhebt, bewahren die D\u00f6rfer, sowie Tremona, Besazio, Arzo und Meride .<\/p>\n<p>&nbsp;<\/p>\n<p style=\"text-align: left;\">(Mittelalterliches Dorf, das seit den 70er Jahren unter Naturschutz stehen), in ihrem Kern noch eine authentische Atmosph\u00e4re und erg\u00e4nzen das touristische und kulturelle Angebot auch in Bezug der Gastronomie, mit den typischen Grotti.<\/p>\n<\/div><\/section>\n\n<section id=\"flora-fauna\" style=\"background-color:\"class=\"BlockWrapperContainer NormalBlock BlockWrapperGruppoMedia  DefaultMarginTop NoMarginBottom NoPaddingBottom NoPaddingTop FullWidth  NoMargin\"><div class=\"BlockSlider\"><div class=\"BlockSlingleSlide\" style=\"background-image:url(https:\/\/castellacamping.ch\/wp-content\/uploads\/2023\/02\/flora-1.png)\"><\/div><div class=\"BlockSlingleSlide\" style=\"background-image:url(https:\/\/castellacamping.ch\/wp-content\/uploads\/2023\/02\/flora-2.png)\"><\/div><div class=\"BlockSlingleSlide\" style=\"background-image:url(https:\/\/castellacamping.ch\/wp-content\/uploads\/2023\/02\/flora-3.jpg)\"><\/div><\/div>\t\t<div class=\"BlockContent\">\n\t\t\t\t\t\t<div style=\"color:\" class=\"BlockTitolo\">Flora<\/div>\n\t\t\t<div style=\"color:\" class=\"BlockSottotitolo\"><\/div>\n\t\t\t<div style=\"color:\" class=\"BlockText TextFont18\"><p>Der Monte San Giorgio beherbergt eine vielf\u00e4ltige Vegetation mit Kastanien-, Eichen-, Buchen- und Stechpalmenw\u00e4ldern sowie einige gesch\u00fctzte Blumenarten, darunter die piemontesische Gladiole (Gladiolous imbricatus) und die duftende Glockenblume (Adenophora liliifolia), die im Juni\/Juli bl\u00fchen. Der Unterwuchs ist reich an B\u00e4rlauch und Lonchit (eine seltene Farnart), und auch die Vielfalt der Pilze ist bemerkenswert (mehr als 1051 verschiedene Arten wurden gez\u00e4hlt).<\/p>\n<\/div>\n\t\t\t\t\t\t\t\t<\/div>\n\t\t<\/section>\n\n<section  style=\"background-color:\"class=\"BlockWrapperContainer ReverseBlock BlockWrapperGruppoMedia  NoMarginTop NoMarginBottom NoPaddingBottom NoPaddingTop FullWidth  NoMargin\"><div class=\"BlockSlider\"><div class=\"BlockSlingleSlide\" style=\"background-image:url(https:\/\/castellacamping.ch\/wp-content\/uploads\/2023\/02\/fauna-1.jpg)\"><\/div><div class=\"BlockSlingleSlide\" style=\"background-image:url(https:\/\/castellacamping.ch\/wp-content\/uploads\/2023\/02\/fauna-2.jpg)\"><\/div><div class=\"BlockSlingleSlide\" style=\"background-image:url(https:\/\/castellacamping.ch\/wp-content\/uploads\/2023\/02\/fauna-3.jpg)\"><\/div><\/div>\t\t<div class=\"BlockContent\">\n\t\t\t\t\t\t<div style=\"color:\" class=\"BlockTitolo\">Fauna<\/div>\n\t\t\t<div style=\"color:\" class=\"BlockSottotitolo\"><\/div>\n\t\t\t<div style=\"color:\" class=\"BlockText TextFont18\"><p>Das Naturerbe auf dem Monte San Giorgio ist \u00fcber die Jahre praktisch intakt geblieben. Diese Biodiversit\u00e4t ist der ideale Lebensraum f\u00fcr viele Tierarten. Nicht selten st\u00f6\u00dft man auf die Spuren von Hirschen, Wildschweinen, Rehen und F\u00fcchsen und bewundert den Zauber der Gl\u00fchw\u00fcrmchen in den warmen Juni N\u00e4chten, den Gesang verschiedener V\u00f6gel sowie die Sch\u00f6nheit von Graureiher und Salamander. Ausserdem legt der Lataste-Frosch (eine ausschlie\u00dfliche Art vom S\u00fcdtessin) seine Eier in der N\u00e4he des Wildbachs Gaggiolo ab, der an den H\u00e4ngen des Monte San Giorgio entspringt und sich \u00fcber den Park des Lanza-Tals (Italien) erstreckt.<\/p>\n<\/div>\n\t\t\t\t\t\t\t\t<\/div>\n\t\t<\/section>\n\n<section  style=\"background-color:;\" class=\"BlockWrapperContainer TitoloPulsanteBlock '  DefaultMarginTop DefaultMarginBottom NoPaddingBottom NoPaddingTop SiteWidth'\">\n\t\t<div style=\"color:\" class=\"TitoloContainer\">\n\t\tEntdecken Sie die Aktivit\u00e4ten in unserer Region\t<\/div>\n\t\t\t\t<a style=\"background-color: !important; color:\" class=\"MainButton MainButtonRosa\" href=\"https:\/\/castellacamping.ch\/de\/das-territorium\/aktivitaten-auf-dem-gebiet\/\">\n\t\tFinde mehr heraus\t<\/a>\n\t<\/section>\n\n\n<section  class=\"BlockWrapperContainer ImmagineTestoImmagine DefaultPaddingTop DefaultPaddingBottom FullWidth   \" style=\"background-color:#f7f0e6;\">\n\n\t<div class=\"ImmagineTestoImmagineCol ImmagineTestoImmagineCol_1\">\n\t\t<img alt=\"Ca.Stella Camping M. San Giorgio-campeggio\"src=\"https:\/\/castellacamping.ch\/wp-content\/uploads\/2023\/02\/prenota_1.jpg\"\/>\n\t<\/div>\n\t<div class=\"ImmagineTestoImmagineCol BlockTestoCol\">\n\t\t<p style=\"text-align: center;\">M\u00f6chten Sie in die\u00a0<strong>Natur<\/strong> eintauchen<br \/>\nund einen m\u00e4rchenhaften Campingplatz erleben?<\/p>\n\t\t<a href=\"https:\/\/thelisresa.webcamp.fr\/formulaire.php?TYPE_CAMPING=1&#038;TYPE_LOCATION=2&#038;camping=meridetcs&#038;lang=de&#038;custom-c1=A4ADAD&#038;custom-c2=619005&#038;simpleSearch=0&#038;duration=7&#038;typecamping=0&#038;typelocation=1&#038;type=2&#038;button=bookingButton&#038;quantity=3&#038;oldSchool=0&#038;noStyle=0&#038;noStyle=0&#038;noStyle=0&#038;noStyle=0&#038;noStyle=0&#038;polaroid=1&#038;fromWidget=1&#038;mode=modal&#038;PHPSESSID=i53tr4k5j3rd58b3ukm1gmmgv5\" class=\"MainButton MainButtonRosa\">\n\t\t\tRESERVIEREN SIE\t\t<\/a>\n\t<\/div>\n\t<div class=\"ImmagineTestoImmagineCol ImmagineTestoImmagineCol_2\">\n\t\t<img decoding=\"async\" alt=\"Ca.Stella Camping M. San Giorgio - Tenda\" src=\"https:\/\/castellacamping.ch\/wp-content\/uploads\/2023\/02\/prenota_2.jpg\"\/>\n\t<\/div>\n<\/section>","protected":false},"excerpt":{"rendered":"","protected":false},"author":1,"featured_media":765,"parent":2156,"menu_order":0,"comment_status":"closed","ping_status":"closed","template":"","meta":{"_acf_changed":false,"footnotes":""},"class_list":["post-2179","page","type-page","status-publish","has-post-thumbnail","hentry"],"acf":[],"yoast_head":"<!-- This site is optimized with the Yoast SEO plugin v27.3 - https:\/\/yoast.com\/product\/yoast-seo-wordpress\/ -->\n<title>Monte San Giorgio UNESCO-Erbe - Ca.Stella Camping M. San Giorgio<\/title>\n<meta name=\"robots\" content=\"index, follow, max-snippet:-1, max-image-preview:large, max-video-preview:-1\" \/>\n<link rel=\"canonical\" href=\"https:\/\/castellacamping.ch\/de\/das-territorium\/monte-san-giorgio-unesco-erbe\/\" \/>\n<meta property=\"og:locale\" content=\"de_DE\" \/>\n<meta property=\"og:type\" content=\"article\" \/>\n<meta property=\"og:title\" content=\"Monte San Giorgio UNESCO-Erbe - Ca.Stella Camping M. San Giorgio\" \/>\n<meta property=\"og:url\" content=\"https:\/\/castellacamping.ch\/de\/das-territorium\/monte-san-giorgio-unesco-erbe\/\" \/>\n<meta property=\"og:site_name\" content=\"Ca.Stella Camping M. San Giorgio\" \/>\n<meta property=\"article:modified_time\" content=\"2024-01-11T17:02:29+00:00\" \/>\n<meta property=\"og:image\" content=\"https:\/\/2025-corporatesite-castellacamping.mystagingwebsite.com\/wp-content\/uploads\/2023\/02\/Monte-1024x346.png\" \/>\n\t<meta property=\"og:image:width\" content=\"1024\" \/>\n\t<meta property=\"og:image:height\" content=\"346\" \/>\n\t<meta property=\"og:image:type\" content=\"image\/png\" \/>\n<meta name=\"twitter:card\" content=\"summary_large_image\" \/>\n<script type=\"application\/ld+json\" class=\"yoast-schema-graph\">{\"@context\":\"https:\\\/\\\/schema.org\",\"@graph\":[{\"@type\":\"WebPage\",\"@id\":\"https:\\\/\\\/castellacamping.ch\\\/de\\\/das-territorium\\\/monte-san-giorgio-unesco-erbe\\\/\",\"url\":\"https:\\\/\\\/castellacamping.ch\\\/de\\\/das-territorium\\\/monte-san-giorgio-unesco-erbe\\\/\",\"name\":\"Monte San Giorgio UNESCO-Erbe - Ca.Stella Camping M. San Giorgio\",\"isPartOf\":{\"@id\":\"https:\\\/\\\/2025-corporatesite-castellacamping.mystagingwebsite.com\\\/#website\"},\"primaryImageOfPage\":{\"@id\":\"https:\\\/\\\/castellacamping.ch\\\/de\\\/das-territorium\\\/monte-san-giorgio-unesco-erbe\\\/#primaryimage\"},\"image\":{\"@id\":\"https:\\\/\\\/castellacamping.ch\\\/de\\\/das-territorium\\\/monte-san-giorgio-unesco-erbe\\\/#primaryimage\"},\"thumbnailUrl\":\"https:\\\/\\\/castellacamping.ch\\\/wp-content\\\/uploads\\\/2023\\\/02\\\/Monte.png\",\"datePublished\":\"2023-02-09T08:17:45+00:00\",\"dateModified\":\"2024-01-11T17:02:29+00:00\",\"breadcrumb\":{\"@id\":\"https:\\\/\\\/castellacamping.ch\\\/de\\\/das-territorium\\\/monte-san-giorgio-unesco-erbe\\\/#breadcrumb\"},\"inLanguage\":\"de\",\"potentialAction\":[{\"@type\":\"ReadAction\",\"target\":[\"https:\\\/\\\/castellacamping.ch\\\/de\\\/das-territorium\\\/monte-san-giorgio-unesco-erbe\\\/\"]}]},{\"@type\":\"ImageObject\",\"inLanguage\":\"de\",\"@id\":\"https:\\\/\\\/castellacamping.ch\\\/de\\\/das-territorium\\\/monte-san-giorgio-unesco-erbe\\\/#primaryimage\",\"url\":\"https:\\\/\\\/castellacamping.ch\\\/wp-content\\\/uploads\\\/2023\\\/02\\\/Monte.png\",\"contentUrl\":\"https:\\\/\\\/castellacamping.ch\\\/wp-content\\\/uploads\\\/2023\\\/02\\\/Monte.png\",\"width\":1920,\"height\":649},{\"@type\":\"BreadcrumbList\",\"@id\":\"https:\\\/\\\/castellacamping.ch\\\/de\\\/das-territorium\\\/monte-san-giorgio-unesco-erbe\\\/#breadcrumb\",\"itemListElement\":[{\"@type\":\"ListItem\",\"position\":1,\"name\":\"Home\",\"item\":\"https:\\\/\\\/2025-corporatesite-castellacamping.mystagingwebsite.com\\\/de\\\/\"},{\"@type\":\"ListItem\",\"position\":2,\"name\":\"Das Territorium\",\"item\":\"https:\\\/\\\/2025-corporatesite-castellacamping.mystagingwebsite.com\\\/de\\\/das-territorium\\\/\"},{\"@type\":\"ListItem\",\"position\":3,\"name\":\"Monte San Giorgio UNESCO-Erbe\"}]},{\"@type\":\"WebSite\",\"@id\":\"https:\\\/\\\/2025-corporatesite-castellacamping.mystagingwebsite.com\\\/#website\",\"url\":\"https:\\\/\\\/2025-corporatesite-castellacamping.mystagingwebsite.com\\\/\",\"name\":\"Ca.Stella Camping M. San Giorgio\",\"description\":\"\",\"publisher\":{\"@id\":\"https:\\\/\\\/2025-corporatesite-castellacamping.mystagingwebsite.com\\\/#organization\"},\"potentialAction\":[{\"@type\":\"SearchAction\",\"target\":{\"@type\":\"EntryPoint\",\"urlTemplate\":\"https:\\\/\\\/2025-corporatesite-castellacamping.mystagingwebsite.com\\\/?s={search_term_string}\"},\"query-input\":{\"@type\":\"PropertyValueSpecification\",\"valueRequired\":true,\"valueName\":\"search_term_string\"}}],\"inLanguage\":\"de\"},{\"@type\":\"Organization\",\"@id\":\"https:\\\/\\\/2025-corporatesite-castellacamping.mystagingwebsite.com\\\/#organization\",\"name\":\"Ca.Stella Camping M. San Giorgio\",\"url\":\"https:\\\/\\\/2025-corporatesite-castellacamping.mystagingwebsite.com\\\/\",\"logo\":{\"@type\":\"ImageObject\",\"inLanguage\":\"de\",\"@id\":\"https:\\\/\\\/2025-corporatesite-castellacamping.mystagingwebsite.com\\\/#\\\/schema\\\/logo\\\/image\\\/\",\"url\":\"https:\\\/\\\/castellacamping.ch\\\/wp-content\\\/uploads\\\/2023\\\/02\\\/Screenshot-2023-02-13-alle-08.55.23.png\",\"contentUrl\":\"https:\\\/\\\/castellacamping.ch\\\/wp-content\\\/uploads\\\/2023\\\/02\\\/Screenshot-2023-02-13-alle-08.55.23.png\",\"width\":510,\"height\":389,\"caption\":\"Ca.Stella Camping M. San Giorgio\"},\"image\":{\"@id\":\"https:\\\/\\\/2025-corporatesite-castellacamping.mystagingwebsite.com\\\/#\\\/schema\\\/logo\\\/image\\\/\"}}]}<\/script>\n<!-- \/ Yoast SEO plugin. -->","yoast_head_json":{"title":"Monte San Giorgio UNESCO-Erbe - Ca.Stella Camping M. San Giorgio","robots":{"index":"index","follow":"follow","max-snippet":"max-snippet:-1","max-image-preview":"max-image-preview:large","max-video-preview":"max-video-preview:-1"},"canonical":"https:\/\/castellacamping.ch\/de\/das-territorium\/monte-san-giorgio-unesco-erbe\/","og_locale":"de_DE","og_type":"article","og_title":"Monte San Giorgio UNESCO-Erbe - Ca.Stella Camping M. San Giorgio","og_url":"https:\/\/castellacamping.ch\/de\/das-territorium\/monte-san-giorgio-unesco-erbe\/","og_site_name":"Ca.Stella Camping M. San Giorgio","article_modified_time":"2024-01-11T17:02:29+00:00","og_image":[{"width":1024,"height":346,"url":"https:\/\/2025-corporatesite-castellacamping.mystagingwebsite.com\/wp-content\/uploads\/2023\/02\/Monte-1024x346.png","type":"image\/png"}],"twitter_card":"summary_large_image","schema":{"@context":"https:\/\/schema.org","@graph":[{"@type":"WebPage","@id":"https:\/\/castellacamping.ch\/de\/das-territorium\/monte-san-giorgio-unesco-erbe\/","url":"https:\/\/castellacamping.ch\/de\/das-territorium\/monte-san-giorgio-unesco-erbe\/","name":"Monte San Giorgio UNESCO-Erbe - Ca.Stella Camping M. San Giorgio","isPartOf":{"@id":"https:\/\/2025-corporatesite-castellacamping.mystagingwebsite.com\/#website"},"primaryImageOfPage":{"@id":"https:\/\/castellacamping.ch\/de\/das-territorium\/monte-san-giorgio-unesco-erbe\/#primaryimage"},"image":{"@id":"https:\/\/castellacamping.ch\/de\/das-territorium\/monte-san-giorgio-unesco-erbe\/#primaryimage"},"thumbnailUrl":"https:\/\/castellacamping.ch\/wp-content\/uploads\/2023\/02\/Monte.png","datePublished":"2023-02-09T08:17:45+00:00","dateModified":"2024-01-11T17:02:29+00:00","breadcrumb":{"@id":"https:\/\/castellacamping.ch\/de\/das-territorium\/monte-san-giorgio-unesco-erbe\/#breadcrumb"},"inLanguage":"de","potentialAction":[{"@type":"ReadAction","target":["https:\/\/castellacamping.ch\/de\/das-territorium\/monte-san-giorgio-unesco-erbe\/"]}]},{"@type":"ImageObject","inLanguage":"de","@id":"https:\/\/castellacamping.ch\/de\/das-territorium\/monte-san-giorgio-unesco-erbe\/#primaryimage","url":"https:\/\/castellacamping.ch\/wp-content\/uploads\/2023\/02\/Monte.png","contentUrl":"https:\/\/castellacamping.ch\/wp-content\/uploads\/2023\/02\/Monte.png","width":1920,"height":649},{"@type":"BreadcrumbList","@id":"https:\/\/castellacamping.ch\/de\/das-territorium\/monte-san-giorgio-unesco-erbe\/#breadcrumb","itemListElement":[{"@type":"ListItem","position":1,"name":"Home","item":"https:\/\/2025-corporatesite-castellacamping.mystagingwebsite.com\/de\/"},{"@type":"ListItem","position":2,"name":"Das Territorium","item":"https:\/\/2025-corporatesite-castellacamping.mystagingwebsite.com\/de\/das-territorium\/"},{"@type":"ListItem","position":3,"name":"Monte San Giorgio UNESCO-Erbe"}]},{"@type":"WebSite","@id":"https:\/\/2025-corporatesite-castellacamping.mystagingwebsite.com\/#website","url":"https:\/\/2025-corporatesite-castellacamping.mystagingwebsite.com\/","name":"Ca.Stella Camping M. San Giorgio","description":"","publisher":{"@id":"https:\/\/2025-corporatesite-castellacamping.mystagingwebsite.com\/#organization"},"potentialAction":[{"@type":"SearchAction","target":{"@type":"EntryPoint","urlTemplate":"https:\/\/2025-corporatesite-castellacamping.mystagingwebsite.com\/?s={search_term_string}"},"query-input":{"@type":"PropertyValueSpecification","valueRequired":true,"valueName":"search_term_string"}}],"inLanguage":"de"},{"@type":"Organization","@id":"https:\/\/2025-corporatesite-castellacamping.mystagingwebsite.com\/#organization","name":"Ca.Stella Camping M. San Giorgio","url":"https:\/\/2025-corporatesite-castellacamping.mystagingwebsite.com\/","logo":{"@type":"ImageObject","inLanguage":"de","@id":"https:\/\/2025-corporatesite-castellacamping.mystagingwebsite.com\/#\/schema\/logo\/image\/","url":"https:\/\/castellacamping.ch\/wp-content\/uploads\/2023\/02\/Screenshot-2023-02-13-alle-08.55.23.png","contentUrl":"https:\/\/castellacamping.ch\/wp-content\/uploads\/2023\/02\/Screenshot-2023-02-13-alle-08.55.23.png","width":510,"height":389,"caption":"Ca.Stella Camping M. San Giorgio"},"image":{"@id":"https:\/\/2025-corporatesite-castellacamping.mystagingwebsite.com\/#\/schema\/logo\/image\/"}}]}},"_links":{"self":[{"href":"https:\/\/castellacamping.ch\/de\/wp-json\/wp\/v2\/pages\/2179","targetHints":{"allow":["GET"]}}],"collection":[{"href":"https:\/\/castellacamping.ch\/de\/wp-json\/wp\/v2\/pages"}],"about":[{"href":"https:\/\/castellacamping.ch\/de\/wp-json\/wp\/v2\/types\/page"}],"author":[{"embeddable":true,"href":"https:\/\/castellacamping.ch\/de\/wp-json\/wp\/v2\/users\/1"}],"replies":[{"embeddable":true,"href":"https:\/\/castellacamping.ch\/de\/wp-json\/wp\/v2\/comments?post=2179"}],"version-history":[{"count":12,"href":"https:\/\/castellacamping.ch\/de\/wp-json\/wp\/v2\/pages\/2179\/revisions"}],"predecessor-version":[{"id":51890,"href":"https:\/\/castellacamping.ch\/de\/wp-json\/wp\/v2\/pages\/2179\/revisions\/51890"}],"up":[{"embeddable":true,"href":"https:\/\/castellacamping.ch\/de\/wp-json\/wp\/v2\/pages\/2156"}],"wp:featuredmedia":[{"embeddable":true,"href":"https:\/\/castellacamping.ch\/de\/wp-json\/wp\/v2\/media\/765"}],"wp:attachment":[{"href":"https:\/\/castellacamping.ch\/de\/wp-json\/wp\/v2\/media?parent=2179"}],"curies":[{"name":"wp","href":"https:\/\/api.w.org\/{rel}","templated":true}]}}